{"id":7,"date":"2025-08-07T22:04:28","date_gmt":"2025-08-07T22:04:28","guid":{"rendered":"https:\/\/eternec.cluster100.hosting.ovh.net\/?page_id=7"},"modified":"2025-08-23T19:45:57","modified_gmt":"2025-08-23T19:45:57","slug":"elementor-7","status":"publish","type":"page","link":"https:\/\/eter-net.pl\/","title":{"rendered":"Serwis komputerowy Pustk\u00f3w"},"content":{"rendered":"\t\t<div data-elementor-type=\"wp-page\" data-elementor-id=\"7\" class=\"elementor elementor-7\">\n\t\t\t\t<div class=\"elementor-element elementor-element-2aafa9f e-flex e-con-boxed e-con e-parent\" data-id=\"2aafa9f\" data-element_type=\"container\">\n\t\t\t\t\t<div class=\"e-con-inner\">\n\t\t\t\t<div class=\"elementor-element elementor-element-0b1156a elementor-widget__width-initial elementor-widget elementor-widget-html\" data-id=\"0b1156a\" data-element_type=\"widget\" data-widget_type=\"html.default\">\n\t\t\t\t\t<section style=\"padding: 40px; background: #f5f5f5;\">\r\n  <div style=\"max-width: 800px; margin: auto;\">\r\n    <h1 style=\"text-align:center;\">Profesjonalny Serwis Komputerowy<\/h1>\r\n    <p style=\"text-align:center;\">Pustk\u00f3w 9, 39-205 | Tel: <strong>730 144 424 \/\r\n    663 344 594<\/strong><\/p>\r\n    <p style=\"text-align:center;\">Mo\u017cliwa us\u0142uga z dojazdem do klienta: powiat D\u0119bicki i Mielecki<\/p>\r\n  <\/div>\r\n<\/section>\r\n\r\n<section style=\"padding: 40px;\">\r\n  <div style=\"max-width: 800px; margin: auto;\">\r\n    <h2>O nas<\/h2>\r\n    <p>Jeste\u015bmy profesjonalistami z do\u015bwiadczeniem. Oferujemy szybk\u0105 i skuteczn\u0105 pomoc w zakresie naprawy komputer\u00f3w, laptop\u00f3w, tablet\u00f3w oraz urz\u0105dze\u0144 teleinformatycznych.\r\n     Zajmujemy si\u0119 te\u017c zagadnieniami zwi\u0105zanymi z dost\u0119pem do internetu, systemami ochrony mienia oraz automatyki domowej. Zawsze dbamy o jako\u015b\u0107, terminowo\u015b\u0107 i uczciwo\u015b\u0107 wobec klienta.\r\n        W naszym serwisie  stawiamy zadowolenie klienta oraz skuteczno\u015b\u0107 napraw na pierwszym miejscu.\r\n        \r\n        <p>Jeste\u015bmy specjalistami oraz pionierami na rynku w zakresie profesjonalnego monitoringu domowego z wykorzystaniem sztucznej inteligencji oraz system\u00f3w powiadomiania przy wykrywaniu ludzi i pojazd\u00f3w, oferujemy nowoczesne systemy ochrony w przyst\u0119pnej cenie.<\/p>\r\n    <\/p>\r\n  <\/div>\r\n<\/section>\r\n\r\n<section style=\"padding: 40px; background: #f9f9f9;\">\r\n  <div style=\"max-width: 800px; margin: auto;\">\r\n    <h2>Us\u0142ugi<\/h2>\r\n    <ul>\r\n      <li>Instalacja i naprawa system\u00f3w operacyjnych Windows, Linux i inne<\/li>\r\n      <li>Odzyskiwanie danych<\/li>\r\n      <li>Usuwanie wirus\u00f3w i optymalizacja sprz\u0119tu<\/li>\r\n      <li>Modernizacja komputer\u00f3w i laptop\u00f3w<\/li>\r\n      <li>Naprawa uszkodze\u0144 mechanicznych<\/li>\r\n      <li>Wymiana matryc, klawiatur, touchscreen\u00f3w etc.<\/li>\r\n      <li>Naprawa innych nietypowych uszkodze\u0144<\/li>\r\n      <li>Naprawa sprz\u0119tu telekomunikacyjnego\r\n      <li>Monta\u017c inteligentnego monitoringu opartego o profesjonalne  kamery dahua, oraz wsparcie w obs\u0142udze.<\/li>\r\n      <li>Wszelkie prace w zakresie teleinformatyki, sieci komputerowych oraz dost\u0119pu do internetu: tworzenie instalacji, mosty bezprzewodowe oparte o anteny mikrotik, monta\u017c okablowania, konfiguracja urz\u0105dze\u0144 etc.<\/li>\r\n      <li>Monta\u017c i konfiguracja element\u00f3w inteligentnych dom\u00f3w <\/li>\r\n      <li>Dojazd do klienta na terenie powiat\u00f3w D\u0119bickiego i Mieleckiego<\/li>\r\n\r\n\r\n    <\/ul>\r\n  <\/div>\r\n<\/section>\r\n\r\n<section style=\"padding: 40px;\">\r\n  <div style=\"max-width: 800px; margin: auto;\">\r\n    <h2>Cennik<\/h2>\r\n    <p><em>Przed ka\u017cd\u0105 us\u0142ug\u0105 prosimy o kontakt telefoniczny, w przypadku gdy nie mo\u017cemy odebra\u0107 prosimy o pozostawienie wiadomo\u015bci sms: <strong>730 144 424 lub 663 344 594\r\n    <\/strong><\/em><\/p>\r\n    <ul>\r\n    <li>Ka\u017cda us\u0142uga wyceniana jest indywidualnie, koszt diagnozy wynosi 50z\u0142, w przypadku je\u015bli klient zdecyduje si\u0119 na wykonanie us\u0142ugi w naszym serwisie diagnoza oraz wycena jest gratis. <\/li>\r\n  \r\n    <\/ul>\r\n  <\/div>\r\n<\/section>\r\n\r\n<section style=\"padding: 40px; background: #f0f0f0;\">\r\n  <div style=\"max-width: 800px; margin: auto;\">\r\n    <h2>Kontakt<\/h2>\r\n    <p><strong>Adres:<\/strong> Pustk\u00f3w 9, 39-205<\/p>\r\n    <p><strong>Telefon:<\/strong> 730 144 424, 663 344 594<\/p>\r\n    <p><strong>Email:<\/strong> <a href=\\\"mailto:lukasz@eter-net.eu\\\">lukasz@eter-net.eu<\/a><\/p>\t\t\t\t<\/div>\n\t\t\t\t\t<\/div>\n\t\t\t\t<\/div>\n\t\t<div class=\"elementor-element elementor-element-e3487c0 e-flex e-con-boxed e-con e-parent\" data-id=\"e3487c0\" data-element_type=\"container\">\n\t\t\t\t\t<div class=\"e-con-inner\">\n\t\t\t\t\t<\/div>\n\t\t\t\t<\/div>\n\t\t<div class=\"elementor-element elementor-element-db3ebc0 e-flex e-con-boxed e-con e-parent\" data-id=\"db3ebc0\" data-element_type=\"container\">\n\t\t\t\t\t<div class=\"e-con-inner\">\n\t\t\t\t\t<\/div>\n\t\t\t\t<\/div>\n\t\t<div class=\"elementor-element elementor-element-c4093ca e-grid e-con-boxed e-con e-parent\" data-id=\"c4093ca\" data-element_type=\"container\">\n\t\t\t\t\t<div class=\"e-con-inner\">\n\t\t\t\t\t<\/div>\n\t\t\t\t<\/div>\n\t\t\t\t<\/div>\n\t\t","protected":false},"excerpt":{"rendered":"<p>Profesjonalny Serwis Komputerowy Pustk\u00f3w 9, 39-205 | Tel: 730 144 424 \/ 663 344 594 Mo\u017cliwa us\u0142uga z dojazdem do klienta: powiat D\u0119bicki i Mielecki O nas Jeste\u015bmy profesjonalistami z do\u015bwiadczeniem. Oferujemy szybk\u0105 i skuteczn\u0105 pomoc w zakresie naprawy komputer\u00f3w, laptop\u00f3w, tablet\u00f3w oraz urz\u0105dze\u0144 teleinformatycznych. Zajmujemy si\u0119 te\u017c zagadnieniami zwi\u0105zanymi z dost\u0119pem do internetu, systemami [&hellip;]<\/p>\n","protected":false},"author":1,"featured_media":0,"parent":0,"menu_order":0,"comment_status":"closed","ping_status":"closed","template":"","meta":{"footnotes":""},"class_list":["post-7","page","type-page","status-publish","hentry"],"yoast_head":"<!-- This site is optimized with the Yoast SEO plugin v25.6 - https:\/\/yoast.com\/wordpress\/plugins\/seo\/ -->\n<title>Serwis komputerowy Pustk\u00f3w - Eter-Net<\/title>\n<meta name=\"description\" content=\"Szybka i fachowa pomoc z problemami informatycznymi.\" \/>\n<meta name=\"robots\" content=\"index, follow, max-snippet:-1, max-image-preview:large, max-video-preview:-1\" \/>\n<link rel=\"canonical\" href=\"https:\/\/eter-net.pl\/\" \/>\n<meta property=\"og:locale\" content=\"pl_PL\" \/>\n<meta property=\"og:type\" content=\"article\" \/>\n<meta property=\"og:title\" content=\"Serwis komputerowy Pustk\u00f3w - Eter-Net\" \/>\n<meta property=\"og:description\" content=\"Szybka i fachowa pomoc z problemami informatycznymi.\" \/>\n<meta property=\"og:url\" content=\"https:\/\/eter-net.pl\/\" \/>\n<meta property=\"og:site_name\" content=\"Eter-Net\" \/>\n<meta property=\"article:modified_time\" content=\"2025-08-23T19:45:57+00:00\" \/>\n<meta name=\"twitter:card\" content=\"summary_large_image\" \/>\n<meta name=\"twitter:label1\" content=\"Szacowany czas czytania\" \/>\n\t<meta name=\"twitter:data1\" content=\"2 minuty\" \/>\n<script type=\"application\/ld+json\" class=\"yoast-schema-graph\">{\"@context\":\"https:\/\/schema.org\",\"@graph\":[{\"@type\":\"WebPage\",\"@id\":\"https:\/\/eter-net.pl\/\",\"url\":\"https:\/\/eter-net.pl\/\",\"name\":\"Serwis komputerowy Pustk\u00f3w - Eter-Net\",\"isPartOf\":{\"@id\":\"https:\/\/eter-net.pl\/#website\"},\"datePublished\":\"2025-08-07T22:04:28+00:00\",\"dateModified\":\"2025-08-23T19:45:57+00:00\",\"description\":\"Szybka i fachowa pomoc z problemami informatycznymi.\",\"breadcrumb\":{\"@id\":\"https:\/\/eter-net.pl\/#breadcrumb\"},\"inLanguage\":\"pl-PL\",\"potentialAction\":[{\"@type\":\"ReadAction\",\"target\":[\"https:\/\/eter-net.pl\/\"]}]},{\"@type\":\"BreadcrumbList\",\"@id\":\"https:\/\/eter-net.pl\/#breadcrumb\",\"itemListElement\":[{\"@type\":\"ListItem\",\"position\":1,\"name\":\"Strona g\u0142\u00f3wna\",\"item\":\"https:\/\/eter-net.pl\/\"},{\"@type\":\"ListItem\",\"position\":2,\"name\":\"Serwis komputerowy Pustk\u00f3w\"}]},{\"@type\":\"WebSite\",\"@id\":\"https:\/\/eter-net.pl\/#website\",\"url\":\"https:\/\/eter-net.pl\/\",\"name\":\"Eter-Net\",\"description\":\"Naprawimy tw\u00f3j komputer (i nie tylko)\",\"publisher\":{\"@id\":\"https:\/\/eter-net.pl\/#organization\"},\"potentialAction\":[{\"@type\":\"SearchAction\",\"target\":{\"@type\":\"EntryPoint\",\"urlTemplate\":\"https:\/\/eter-net.pl\/?s={search_term_string}\"},\"query-input\":{\"@type\":\"PropertyValueSpecification\",\"valueRequired\":true,\"valueName\":\"search_term_string\"}}],\"inLanguage\":\"pl-PL\"},{\"@type\":\"Organization\",\"@id\":\"https:\/\/eter-net.pl\/#organization\",\"name\":\"Eter-Net\",\"url\":\"https:\/\/eter-net.pl\/\",\"logo\":{\"@type\":\"ImageObject\",\"inLanguage\":\"pl-PL\",\"@id\":\"https:\/\/eter-net.pl\/#\/schema\/logo\/image\/\",\"url\":\"https:\/\/eter-net.pl\/wp-content\/uploads\/2025\/08\/logo-e1754699863372.jpg\",\"contentUrl\":\"https:\/\/eter-net.pl\/wp-content\/uploads\/2025\/08\/logo-e1754699863372.jpg\",\"width\":1914,\"height\":505,\"caption\":\"Eter-Net\"},\"image\":{\"@id\":\"https:\/\/eter-net.pl\/#\/schema\/logo\/image\/\"}}]}<\/script>\n<!-- \/ Yoast SEO plugin. -->","yoast_head_json":{"title":"Serwis komputerowy Pustk\u00f3w - Eter-Net","description":"Szybka i fachowa pomoc z problemami informatycznymi.","robots":{"index":"index","follow":"follow","max-snippet":"max-snippet:-1","max-image-preview":"max-image-preview:large","max-video-preview":"max-video-preview:-1"},"canonical":"https:\/\/eter-net.pl\/","og_locale":"pl_PL","og_type":"article","og_title":"Serwis komputerowy Pustk\u00f3w - Eter-Net","og_description":"Szybka i fachowa pomoc z problemami informatycznymi.","og_url":"https:\/\/eter-net.pl\/","og_site_name":"Eter-Net","article_modified_time":"2025-08-23T19:45:57+00:00","twitter_card":"summary_large_image","twitter_misc":{"Szacowany czas czytania":"2 minuty"},"schema":{"@context":"https:\/\/schema.org","@graph":[{"@type":"WebPage","@id":"https:\/\/eter-net.pl\/","url":"https:\/\/eter-net.pl\/","name":"Serwis komputerowy Pustk\u00f3w - Eter-Net","isPartOf":{"@id":"https:\/\/eter-net.pl\/#website"},"datePublished":"2025-08-07T22:04:28+00:00","dateModified":"2025-08-23T19:45:57+00:00","description":"Szybka i fachowa pomoc z problemami informatycznymi.","breadcrumb":{"@id":"https:\/\/eter-net.pl\/#breadcrumb"},"inLanguage":"pl-PL","potentialAction":[{"@type":"ReadAction","target":["https:\/\/eter-net.pl\/"]}]},{"@type":"BreadcrumbList","@id":"https:\/\/eter-net.pl\/#breadcrumb","itemListElement":[{"@type":"ListItem","position":1,"name":"Strona g\u0142\u00f3wna","item":"https:\/\/eter-net.pl\/"},{"@type":"ListItem","position":2,"name":"Serwis komputerowy Pustk\u00f3w"}]},{"@type":"WebSite","@id":"https:\/\/eter-net.pl\/#website","url":"https:\/\/eter-net.pl\/","name":"Eter-Net","description":"Naprawimy tw\u00f3j komputer (i nie tylko)","publisher":{"@id":"https:\/\/eter-net.pl\/#organization"},"potentialAction":[{"@type":"SearchAction","target":{"@type":"EntryPoint","urlTemplate":"https:\/\/eter-net.pl\/?s={search_term_string}"},"query-input":{"@type":"PropertyValueSpecification","valueRequired":true,"valueName":"search_term_string"}}],"inLanguage":"pl-PL"},{"@type":"Organization","@id":"https:\/\/eter-net.pl\/#organization","name":"Eter-Net","url":"https:\/\/eter-net.pl\/","logo":{"@type":"ImageObject","inLanguage":"pl-PL","@id":"https:\/\/eter-net.pl\/#\/schema\/logo\/image\/","url":"https:\/\/eter-net.pl\/wp-content\/uploads\/2025\/08\/logo-e1754699863372.jpg","contentUrl":"https:\/\/eter-net.pl\/wp-content\/uploads\/2025\/08\/logo-e1754699863372.jpg","width":1914,"height":505,"caption":"Eter-Net"},"image":{"@id":"https:\/\/eter-net.pl\/#\/schema\/logo\/image\/"}}]}},"_links":{"self":[{"href":"https:\/\/eter-net.pl\/index.php\/wp-json\/wp\/v2\/pages\/7","targetHints":{"allow":["GET"]}}],"collection":[{"href":"https:\/\/eter-net.pl\/index.php\/wp-json\/wp\/v2\/pages"}],"about":[{"href":"https:\/\/eter-net.pl\/index.php\/wp-json\/wp\/v2\/types\/page"}],"author":[{"embeddable":true,"href":"https:\/\/eter-net.pl\/index.php\/wp-json\/wp\/v2\/users\/1"}],"replies":[{"embeddable":true,"href":"https:\/\/eter-net.pl\/index.php\/wp-json\/wp\/v2\/comments?post=7"}],"version-history":[{"count":40,"href":"https:\/\/eter-net.pl\/index.php\/wp-json\/wp\/v2\/pages\/7\/revisions"}],"predecessor-version":[{"id":62,"href":"https:\/\/eter-net.pl\/index.php\/wp-json\/wp\/v2\/pages\/7\/revisions\/62"}],"wp:attachment":[{"href":"https:\/\/eter-net.pl\/index.php\/wp-json\/wp\/v2\/media?parent=7"}],"curies":[{"name":"wp","href":"https:\/\/api.w.org\/{rel}","templated":true}]}}